{"id":864,"date":"2023-03-09T16:56:25","date_gmt":"2023-03-09T16:56:25","guid":{"rendered":"https:\/\/www.abroadsolutionssl.com\/?page_id=864"},"modified":"2023-03-15T11:35:51","modified_gmt":"2023-03-15T11:35:51","slug":"que-hacemos","status":"publish","type":"page","link":"https:\/\/www.abroadsolutionssl.com\/es\/que-hacemos\/","title":{"rendered":"Qu\u00e9 hacemos"},"content":{"rendered":"\t\t<div data-elementor-type=\"wp-page\" data-elementor-id=\"864\" class=\"elementor elementor-864\" data-elementor-post-type=\"page\">\n\t\t\t\t\t\t<section class=\"elementor-section elementor-top-section elementor-element elementor-element-6a2c049 elementor-section-height-min-height elementor-section-items-bottom elementor-section-boxed elementor-section-height-default\" data-id=\"6a2c049\" data-element_type=\"section\" data-e-type=\"section\" data-settings=\"{&quot;jet_parallax_layout_list&quot;:[],&quot;background_background&quot;:&quot;classic&quot;}\">\n\t\t\t\t\t\t<div class=\"elementor-container elementor-column-gap-default\">\n\t\t\t\t\t<div class=\"elementor-column elementor-col-100 elementor-top-column elementor-element elementor-element-ee72732\" data-id=\"ee72732\" data-element_type=\"column\" data-e-type=\"column\">\n\t\t\t<div class=\"elementor-widget-wrap elementor-element-populated\">\n\t\t\t\t\t\t<div class=\"elementor-element elementor-element-595fc71 elementor-widget__width-auto elementor-widget elementor-widget-image\" data-id=\"595fc71\" data-element_type=\"widget\" data-e-type=\"widget\" data-widget_type=\"image.default\">\n\t\t\t\t<div class=\"elementor-widget-container\">\n\t\t\t\t\t\t\t\t\t\t\t\t\t\t\t<img fetchpriority=\"high\" decoding=\"async\" width=\"455\" height=\"453\" src=\"https:\/\/www.abroadsolutionssl.com\/wp-content\/uploads\/2023\/03\/icon-1.png\" class=\"attachment-large size-large wp-image-134\" alt=\"\" srcset=\"https:\/\/abroadsolutionssl.com\/wp-content\/uploads\/2023\/03\/icon-1.png 455w, https:\/\/abroadsolutionssl.com\/wp-content\/uploads\/2023\/03\/icon-1-300x300.png 300w, https:\/\/abroadsolutionssl.com\/wp-content\/uploads\/2023\/03\/icon-1-150x150.png 150w\" sizes=\"(max-width: 455px) 100vw, 455px\" \/>\t\t\t\t\t\t\t\t\t\t\t\t\t\t\t<\/div>\n\t\t\t\t<\/div>\n\t\t\t\t<div class=\"elementor-element elementor-element-fa9309c elementor-headline--style-rotate elementor-widget__width-auto elementor-widget elementor-widget-animated-headline\" data-id=\"fa9309c\" data-element_type=\"widget\" data-e-type=\"widget\" data-settings=\"{&quot;headline_style&quot;:&quot;rotate&quot;,&quot;rotating_text&quot;:&quot;exportamos\\nimportamsos\\ninvertimos&quot;,&quot;animation_type&quot;:&quot;typing&quot;,&quot;loop&quot;:&quot;yes&quot;,&quot;rotate_iteration_delay&quot;:2500}\" data-widget_type=\"animated-headline.default\">\n\t\t\t\t<div class=\"elementor-widget-container\">\n\t\t\t\t\t\t\t<h1 class=\"elementor-headline elementor-headline-animation-type-typing elementor-headline-letters\">\n\t\t\t\t\t<span class=\"elementor-headline-plain-text elementor-headline-text-wrapper\">En Abroad Solutions<\/span>\n\t\t\t\t<span class=\"elementor-headline-dynamic-wrapper elementor-headline-text-wrapper\">\n\t\t\t\t\t<span class=\"elementor-headline-dynamic-text elementor-headline-text-active\">\n\t\t\t\texportamos\t\t\t<\/span>\n\t\t\t\t\t<span class=\"elementor-headline-dynamic-text\">\n\t\t\t\timportamsos\t\t\t<\/span>\n\t\t\t\t\t<span class=\"elementor-headline-dynamic-text\">\n\t\t\t\tinvertimos\t\t\t<\/span>\n\t\t\t\t\t\t<\/span>\n\t\t\t\t<\/h1>\n\t\t\t\t\t\t<\/div>\n\t\t\t\t<\/div>\n\t\t\t\t\t<\/div>\n\t\t<\/div>\n\t\t\t\t\t<\/div>\n\t\t<\/section>\n\t\t\t\t<section class=\"elementor-section elementor-top-section elementor-element elementor-element-9449818 elementor-section-boxed elementor-section-height-default elementor-section-height-default\" data-id=\"9449818\" data-element_type=\"section\" data-e-type=\"section\" data-settings=\"{&quot;jet_parallax_layout_list&quot;:[],&quot;background_background&quot;:&quot;classic&quot;}\">\n\t\t\t\t\t\t<div class=\"elementor-container elementor-column-gap-default\">\n\t\t\t\t\t<div class=\"elementor-column elementor-col-100 elementor-top-column elementor-element elementor-element-96d429e\" data-id=\"96d429e\" data-element_type=\"column\" data-e-type=\"column\">\n\t\t\t<div class=\"elementor-widget-wrap elementor-element-populated\">\n\t\t\t\t\t\t<div class=\"elementor-element elementor-element-40aeed7 elementor-widget elementor-widget-jet-headline\" data-id=\"40aeed7\" data-element_type=\"widget\" data-e-type=\"widget\" data-widget_type=\"jet-headline.default\">\n\t\t\t\t<div class=\"elementor-widget-container\">\n\t\t\t\t\t<h2 class=\"jet-headline jet-headline--direction-horizontal\"><span class=\"jet-headline__part jet-headline__first\"><span class=\"jet-headline__label\">QUE<\/span><\/span><span class=\"jet-headline__space\">&nbsp;<\/span><span class=\"jet-headline__part jet-headline__second\"><span class=\"jet-headline__label\">HACEMOS<\/span><\/span><\/h2>\t\t\t\t<\/div>\n\t\t\t\t<\/div>\n\t\t\t\t<div class=\"elementor-element elementor-element-babf4f8 elementor-position-left elementor-vertical-align-middle elementor-widget elementor-widget-image-box\" data-id=\"babf4f8\" data-element_type=\"widget\" data-e-type=\"widget\" data-widget_type=\"image-box.default\">\n\t\t\t\t<div class=\"elementor-widget-container\">\n\t\t\t\t\t<div class=\"elementor-image-box-wrapper\"><figure class=\"elementor-image-box-img\"><img decoding=\"async\" width=\"1200\" height=\"800\" src=\"https:\/\/www.abroadsolutionssl.com\/wp-content\/uploads\/2023\/03\/what-we-do-3.jpg\" class=\"attachment-full size-full wp-image-350\" alt=\"Abroad solutions export and import\" srcset=\"https:\/\/abroadsolutionssl.com\/wp-content\/uploads\/2023\/03\/what-we-do-3.jpg 1200w, https:\/\/abroadsolutionssl.com\/wp-content\/uploads\/2023\/03\/what-we-do-3-300x200.jpg 300w, https:\/\/abroadsolutionssl.com\/wp-content\/uploads\/2023\/03\/what-we-do-3-1024x683.jpg 1024w, https:\/\/abroadsolutionssl.com\/wp-content\/uploads\/2023\/03\/what-we-do-3-768x512.jpg 768w\" sizes=\"(max-width: 1200px) 100vw, 1200px\" \/><\/figure><div class=\"elementor-image-box-content\"><h3 class=\"elementor-image-box-title\">Profesionales e inversores<\/h3><p class=\"elementor-image-box-description\">En Abroad Solutions SL somos un equipo de profesionales e inversores con experiencia en diferentes \u00e1reas, unidos con el objetivo de implementar de manera sostenible y exitosa PROYECTOS INTERNACIONALES en diversas industrias.<\/p><\/div><\/div>\t\t\t\t<\/div>\n\t\t\t\t<\/div>\n\t\t\t\t<div class=\"elementor-element elementor-element-526383f elementor-position-right elementor-vertical-align-middle elementor-widget elementor-widget-image-box\" data-id=\"526383f\" data-element_type=\"widget\" data-e-type=\"widget\" data-widget_type=\"image-box.default\">\n\t\t\t\t<div class=\"elementor-widget-container\">\n\t\t\t\t\t<div class=\"elementor-image-box-wrapper\"><figure class=\"elementor-image-box-img\"><img decoding=\"async\" width=\"1200\" height=\"800\" src=\"https:\/\/www.abroadsolutionssl.com\/wp-content\/uploads\/2023\/03\/what-we-do-4.jpg\" class=\"attachment-full size-full wp-image-351\" alt=\"Abroad solutions export and import\" srcset=\"https:\/\/abroadsolutionssl.com\/wp-content\/uploads\/2023\/03\/what-we-do-4.jpg 1200w, https:\/\/abroadsolutionssl.com\/wp-content\/uploads\/2023\/03\/what-we-do-4-300x200.jpg 300w, https:\/\/abroadsolutionssl.com\/wp-content\/uploads\/2023\/03\/what-we-do-4-1024x683.jpg 1024w, https:\/\/abroadsolutionssl.com\/wp-content\/uploads\/2023\/03\/what-we-do-4-768x512.jpg 768w\" sizes=\"(max-width: 1200px) 100vw, 1200px\" \/><\/figure><div class=\"elementor-image-box-content\"><h3 class=\"elementor-image-box-title\">IMPORTAR\/EXPORTAR<\/h3><p class=\"elementor-image-box-description\">Ya sea se trate de un acuerdo de IMPORTACI\u00d3N\/EXPORTACI\u00d3N \u00fanico o de un objetivo estrat\u00e9gico a largo plazo y una operaci\u00f3n en otro pa\u00eds, \u00a1lo estamos haciendo en los 5 continentes!<\/p><\/div><\/div>\t\t\t\t<\/div>\n\t\t\t\t<\/div>\n\t\t\t\t<div class=\"elementor-element elementor-element-590c4d3 elementor-position-left elementor-vertical-align-middle elementor-widget elementor-widget-image-box\" data-id=\"590c4d3\" data-element_type=\"widget\" data-e-type=\"widget\" data-widget_type=\"image-box.default\">\n\t\t\t\t<div class=\"elementor-widget-container\">\n\t\t\t\t\t<div class=\"elementor-image-box-wrapper\"><figure class=\"elementor-image-box-img\"><img loading=\"lazy\" decoding=\"async\" width=\"1200\" height=\"800\" src=\"https:\/\/www.abroadsolutionssl.com\/wp-content\/uploads\/2023\/03\/what-we-do-2.jpg\" class=\"attachment-full size-full wp-image-349\" alt=\"Abroad solutions export and import\" srcset=\"https:\/\/abroadsolutionssl.com\/wp-content\/uploads\/2023\/03\/what-we-do-2.jpg 1200w, https:\/\/abroadsolutionssl.com\/wp-content\/uploads\/2023\/03\/what-we-do-2-300x200.jpg 300w, https:\/\/abroadsolutionssl.com\/wp-content\/uploads\/2023\/03\/what-we-do-2-1024x683.jpg 1024w, https:\/\/abroadsolutionssl.com\/wp-content\/uploads\/2023\/03\/what-we-do-2-768x512.jpg 768w\" sizes=\"(max-width: 1200px) 100vw, 1200px\" \/><\/figure><div class=\"elementor-image-box-content\"><h3 class=\"elementor-image-box-title\">Valor Sostenible<\/h3><p class=\"elementor-image-box-description\">La creaci\u00f3n de valor sostenible es todo lo que hacemos, con mercados locales y globales cada vez m\u00e1s competitivos, es clave encontrar el socio y el mercado adecuados para su producto o idea.<\/p><\/div><\/div>\t\t\t\t<\/div>\n\t\t\t\t<\/div>\n\t\t\t\t<div class=\"elementor-element elementor-element-0628594 elementor-position-right elementor-vertical-align-middle elementor-widget elementor-widget-image-box\" data-id=\"0628594\" data-element_type=\"widget\" data-e-type=\"widget\" data-widget_type=\"image-box.default\">\n\t\t\t\t<div class=\"elementor-widget-container\">\n\t\t\t\t\t<div class=\"elementor-image-box-wrapper\"><figure class=\"elementor-image-box-img\"><img loading=\"lazy\" decoding=\"async\" width=\"1200\" height=\"800\" src=\"https:\/\/www.abroadsolutionssl.com\/wp-content\/uploads\/2023\/03\/what-we-do-1.jpg\" class=\"attachment-full size-full wp-image-348\" alt=\"Abroad solutions export and import\" srcset=\"https:\/\/abroadsolutionssl.com\/wp-content\/uploads\/2023\/03\/what-we-do-1.jpg 1200w, https:\/\/abroadsolutionssl.com\/wp-content\/uploads\/2023\/03\/what-we-do-1-300x200.jpg 300w, https:\/\/abroadsolutionssl.com\/wp-content\/uploads\/2023\/03\/what-we-do-1-1024x683.jpg 1024w, https:\/\/abroadsolutionssl.com\/wp-content\/uploads\/2023\/03\/what-we-do-1-768x512.jpg 768w\" sizes=\"(max-width: 1200px) 100vw, 1200px\" \/><\/figure><div class=\"elementor-image-box-content\"><h3 class=\"elementor-image-box-title\">Aspectos clave<\/h3><p class=\"elementor-image-box-description\">Independientemente de la naturaleza de su producto o idea, algunos aspectos clave ser\u00e1n comunes a cualquier otro en el que trabajemos todos los d\u00edas: proteger su marca registrada\/marca\/producto, investigaci\u00f3n de mercado y competencia, segmentaci\u00f3n\/desarrollo de mercado, operaciones internacionales (shipping, aranceles , impuestos, adaptaci\u00f3n a la regulaci\u00f3n\/usos locales, etc.), al fin y al cabo se trata de asumir riesgos medibles y razonables.<\/p><\/div><\/div>\t\t\t\t<\/div>\n\t\t\t\t<\/div>\n\t\t\t\t\t<\/div>\n\t\t<\/div>\n\t\t\t\t\t<\/div>\n\t\t<\/section>\n\t\t\t\t<\/div>\n\t\t","protected":false},"excerpt":{"rendered":"<p>En Abroad Solutions exportamos importamsos invertimos QUE&nbsp;HACEMOS Profesionales e inversores En Abroad Solutions SL somos un equipo de profesionales e inversores con experiencia en diferentes \u00e1reas, unidos con el objetivo de implementar de manera sostenible y exitosa PROYECTOS INTERNACIONALES en diversas industrias. IMPORTAR\/EXPORTAR Ya sea se trate de un acuerdo de IMPORTACI\u00d3N\/EXPORTACI\u00d3N \u00fanico o de [&hellip;]<\/p>\n","protected":false},"author":1,"featured_media":0,"parent":0,"menu_order":2,"comment_status":"closed","ping_status":"closed","template":"","meta":{"footnotes":""},"class_list":["post-864","page","type-page","status-publish","hentry"],"yoast_head":"<!-- This site is optimized with the Yoast SEO Premium plugin v25.6 (Yoast SEO v27.5) - https:\/\/yoast.com\/product\/yoast-seo-premium-wordpress\/ -->\n<title>Qu\u00e9 hacemos - Abroad Solutions | International Trading<\/title>\n<meta name=\"robots\" content=\"index, follow, max-snippet:-1, max-image-preview:large, max-video-preview:-1\" \/>\n<link rel=\"canonical\" href=\"https:\/\/www.abroadsolutionssl.com\/es\/que-hacemos\/\" \/>\n<meta property=\"og:locale\" content=\"es_ES\" \/>\n<meta property=\"og:type\" content=\"article\" \/>\n<meta property=\"og:title\" content=\"Qu\u00e9 hacemos\" \/>\n<meta property=\"og:description\" content=\"En Abroad Solutions exportamos importamsos invertimos QUE&nbsp;HACEMOS Profesionales e inversores En Abroad Solutions SL somos un equipo de profesionales e inversores con experiencia en diferentes \u00e1reas, unidos con el objetivo de implementar de manera sostenible y exitosa PROYECTOS INTERNACIONALES en diversas industrias. IMPORTAR\/EXPORTAR Ya sea se trate de un acuerdo de IMPORTACI\u00d3N\/EXPORTACI\u00d3N \u00fanico o de [&hellip;]\" \/>\n<meta property=\"og:url\" content=\"https:\/\/www.abroadsolutionssl.com\/es\/que-hacemos\/\" \/>\n<meta property=\"og:site_name\" content=\"Abroad Solutions | International Trading\" \/>\n<meta property=\"article:modified_time\" content=\"2023-03-15T11:35:51+00:00\" \/>\n<meta property=\"og:image\" content=\"http:\/\/abroadsolutionssl.com\/wp-content\/uploads\/2023\/03\/icon-1.png\" \/>\n<meta name=\"twitter:card\" content=\"summary_large_image\" \/>\n<meta name=\"twitter:label1\" content=\"Tiempo de lectura\" \/>\n\t<meta name=\"twitter:data1\" content=\"2 minutos\" \/>\n<script type=\"application\/ld+json\" class=\"yoast-schema-graph\">{\"@context\":\"https:\\\/\\\/schema.org\",\"@graph\":[{\"@type\":\"WebPage\",\"@id\":\"https:\\\/\\\/www.abroadsolutionssl.com\\\/es\\\/que-hacemos\\\/\",\"url\":\"https:\\\/\\\/www.abroadsolutionssl.com\\\/es\\\/que-hacemos\\\/\",\"name\":\"Qu\u00e9 hacemos - Abroad Solutions | International Trading\",\"isPartOf\":{\"@id\":\"https:\\\/\\\/www.abroadsolutionssl.com\\\/es\\\/#website\"},\"primaryImageOfPage\":{\"@id\":\"https:\\\/\\\/www.abroadsolutionssl.com\\\/es\\\/que-hacemos\\\/#primaryimage\"},\"image\":{\"@id\":\"https:\\\/\\\/www.abroadsolutionssl.com\\\/es\\\/que-hacemos\\\/#primaryimage\"},\"thumbnailUrl\":\"http:\\\/\\\/abroadsolutionssl.com\\\/wp-content\\\/uploads\\\/2023\\\/03\\\/icon-1.png\",\"datePublished\":\"2023-03-09T16:56:25+00:00\",\"dateModified\":\"2023-03-15T11:35:51+00:00\",\"breadcrumb\":{\"@id\":\"https:\\\/\\\/www.abroadsolutionssl.com\\\/es\\\/que-hacemos\\\/#breadcrumb\"},\"inLanguage\":\"es\",\"potentialAction\":[{\"@type\":\"ReadAction\",\"target\":[\"https:\\\/\\\/www.abroadsolutionssl.com\\\/es\\\/que-hacemos\\\/\"]}]},{\"@type\":\"ImageObject\",\"inLanguage\":\"es\",\"@id\":\"https:\\\/\\\/www.abroadsolutionssl.com\\\/es\\\/que-hacemos\\\/#primaryimage\",\"url\":\"http:\\\/\\\/abroadsolutionssl.com\\\/wp-content\\\/uploads\\\/2023\\\/03\\\/icon-1.png\",\"contentUrl\":\"http:\\\/\\\/abroadsolutionssl.com\\\/wp-content\\\/uploads\\\/2023\\\/03\\\/icon-1.png\"},{\"@type\":\"BreadcrumbList\",\"@id\":\"https:\\\/\\\/www.abroadsolutionssl.com\\\/es\\\/que-hacemos\\\/#breadcrumb\",\"itemListElement\":[{\"@type\":\"ListItem\",\"position\":1,\"name\":\"Home\",\"item\":\"https:\\\/\\\/www.abroadsolutionssl.com\\\/es\\\/\"},{\"@type\":\"ListItem\",\"position\":2,\"name\":\"Qu\u00e9 hacemos\"}]},{\"@type\":\"WebSite\",\"@id\":\"https:\\\/\\\/www.abroadsolutionssl.com\\\/es\\\/#website\",\"url\":\"https:\\\/\\\/www.abroadsolutionssl.com\\\/es\\\/\",\"name\":\"Abroad Solutions | International Trading | Export and Investors Partner\",\"description\":\"Export and Investors Partner\",\"publisher\":{\"@id\":\"https:\\\/\\\/www.abroadsolutionssl.com\\\/es\\\/#organization\"},\"potentialAction\":[{\"@type\":\"SearchAction\",\"target\":{\"@type\":\"EntryPoint\",\"urlTemplate\":\"https:\\\/\\\/www.abroadsolutionssl.com\\\/es\\\/?s={search_term_string}\"},\"query-input\":{\"@type\":\"PropertyValueSpecification\",\"valueRequired\":true,\"valueName\":\"search_term_string\"}}],\"inLanguage\":\"es\"},{\"@type\":\"Organization\",\"@id\":\"https:\\\/\\\/www.abroadsolutionssl.com\\\/es\\\/#organization\",\"name\":\"Abroad Solutions SL\",\"url\":\"https:\\\/\\\/www.abroadsolutionssl.com\\\/es\\\/\",\"logo\":{\"@type\":\"ImageObject\",\"inLanguage\":\"es\",\"@id\":\"https:\\\/\\\/www.abroadsolutionssl.com\\\/es\\\/#\\\/schema\\\/logo\\\/image\\\/\",\"url\":\"https:\\\/\\\/www.abroadsolutionssl.com\\\/wp-content\\\/uploads\\\/2023\\\/03\\\/Logo_Abroad_Solutions-03.png\",\"contentUrl\":\"https:\\\/\\\/www.abroadsolutionssl.com\\\/wp-content\\\/uploads\\\/2023\\\/03\\\/Logo_Abroad_Solutions-03.png\",\"width\":300,\"height\":160,\"caption\":\"Abroad Solutions SL\"},\"image\":{\"@id\":\"https:\\\/\\\/www.abroadsolutionssl.com\\\/es\\\/#\\\/schema\\\/logo\\\/image\\\/\"}}]}<\/script>\n<!-- \/ Yoast SEO Premium plugin. -->","yoast_head_json":{"title":"Qu\u00e9 hacemos - Abroad Solutions | International Trading","robots":{"index":"index","follow":"follow","max-snippet":"max-snippet:-1","max-image-preview":"max-image-preview:large","max-video-preview":"max-video-preview:-1"},"canonical":"https:\/\/www.abroadsolutionssl.com\/es\/que-hacemos\/","og_locale":"es_ES","og_type":"article","og_title":"Qu\u00e9 hacemos","og_description":"En Abroad Solutions exportamos importamsos invertimos QUE&nbsp;HACEMOS Profesionales e inversores En Abroad Solutions SL somos un equipo de profesionales e inversores con experiencia en diferentes \u00e1reas, unidos con el objetivo de implementar de manera sostenible y exitosa PROYECTOS INTERNACIONALES en diversas industrias. IMPORTAR\/EXPORTAR Ya sea se trate de un acuerdo de IMPORTACI\u00d3N\/EXPORTACI\u00d3N \u00fanico o de [&hellip;]","og_url":"https:\/\/www.abroadsolutionssl.com\/es\/que-hacemos\/","og_site_name":"Abroad Solutions | International Trading","article_modified_time":"2023-03-15T11:35:51+00:00","og_image":[{"url":"http:\/\/abroadsolutionssl.com\/wp-content\/uploads\/2023\/03\/icon-1.png","type":"","width":"","height":""}],"twitter_card":"summary_large_image","twitter_misc":{"Tiempo de lectura":"2 minutos"},"schema":{"@context":"https:\/\/schema.org","@graph":[{"@type":"WebPage","@id":"https:\/\/www.abroadsolutionssl.com\/es\/que-hacemos\/","url":"https:\/\/www.abroadsolutionssl.com\/es\/que-hacemos\/","name":"Qu\u00e9 hacemos - Abroad Solutions | International Trading","isPartOf":{"@id":"https:\/\/www.abroadsolutionssl.com\/es\/#website"},"primaryImageOfPage":{"@id":"https:\/\/www.abroadsolutionssl.com\/es\/que-hacemos\/#primaryimage"},"image":{"@id":"https:\/\/www.abroadsolutionssl.com\/es\/que-hacemos\/#primaryimage"},"thumbnailUrl":"http:\/\/abroadsolutionssl.com\/wp-content\/uploads\/2023\/03\/icon-1.png","datePublished":"2023-03-09T16:56:25+00:00","dateModified":"2023-03-15T11:35:51+00:00","breadcrumb":{"@id":"https:\/\/www.abroadsolutionssl.com\/es\/que-hacemos\/#breadcrumb"},"inLanguage":"es","potentialAction":[{"@type":"ReadAction","target":["https:\/\/www.abroadsolutionssl.com\/es\/que-hacemos\/"]}]},{"@type":"ImageObject","inLanguage":"es","@id":"https:\/\/www.abroadsolutionssl.com\/es\/que-hacemos\/#primaryimage","url":"http:\/\/abroadsolutionssl.com\/wp-content\/uploads\/2023\/03\/icon-1.png","contentUrl":"http:\/\/abroadsolutionssl.com\/wp-content\/uploads\/2023\/03\/icon-1.png"},{"@type":"BreadcrumbList","@id":"https:\/\/www.abroadsolutionssl.com\/es\/que-hacemos\/#breadcrumb","itemListElement":[{"@type":"ListItem","position":1,"name":"Home","item":"https:\/\/www.abroadsolutionssl.com\/es\/"},{"@type":"ListItem","position":2,"name":"Qu\u00e9 hacemos"}]},{"@type":"WebSite","@id":"https:\/\/www.abroadsolutionssl.com\/es\/#website","url":"https:\/\/www.abroadsolutionssl.com\/es\/","name":"Abroad Solutions | International Trading | Export and Investors Partner","description":"Export and Investors Partner","publisher":{"@id":"https:\/\/www.abroadsolutionssl.com\/es\/#organization"},"potentialAction":[{"@type":"SearchAction","target":{"@type":"EntryPoint","urlTemplate":"https:\/\/www.abroadsolutionssl.com\/es\/?s={search_term_string}"},"query-input":{"@type":"PropertyValueSpecification","valueRequired":true,"valueName":"search_term_string"}}],"inLanguage":"es"},{"@type":"Organization","@id":"https:\/\/www.abroadsolutionssl.com\/es\/#organization","name":"Abroad Solutions SL","url":"https:\/\/www.abroadsolutionssl.com\/es\/","logo":{"@type":"ImageObject","inLanguage":"es","@id":"https:\/\/www.abroadsolutionssl.com\/es\/#\/schema\/logo\/image\/","url":"https:\/\/www.abroadsolutionssl.com\/wp-content\/uploads\/2023\/03\/Logo_Abroad_Solutions-03.png","contentUrl":"https:\/\/www.abroadsolutionssl.com\/wp-content\/uploads\/2023\/03\/Logo_Abroad_Solutions-03.png","width":300,"height":160,"caption":"Abroad Solutions SL"},"image":{"@id":"https:\/\/www.abroadsolutionssl.com\/es\/#\/schema\/logo\/image\/"}}]}},"_links":{"self":[{"href":"https:\/\/www.abroadsolutionssl.com\/es\/wp-json\/wp\/v2\/pages\/864","targetHints":{"allow":["GET"]}}],"collection":[{"href":"https:\/\/www.abroadsolutionssl.com\/es\/wp-json\/wp\/v2\/pages"}],"about":[{"href":"https:\/\/www.abroadsolutionssl.com\/es\/wp-json\/wp\/v2\/types\/page"}],"author":[{"embeddable":true,"href":"https:\/\/www.abroadsolutionssl.com\/es\/wp-json\/wp\/v2\/users\/1"}],"replies":[{"embeddable":true,"href":"https:\/\/www.abroadsolutionssl.com\/es\/wp-json\/wp\/v2\/comments?post=864"}],"version-history":[{"count":0,"href":"https:\/\/www.abroadsolutionssl.com\/es\/wp-json\/wp\/v2\/pages\/864\/revisions"}],"wp:attachment":[{"href":"https:\/\/www.abroadsolutionssl.com\/es\/wp-json\/wp\/v2\/media?parent=864"}],"curies":[{"name":"wp","href":"https:\/\/api.w.org\/{rel}","templated":true}]}}